{"id":1077,"date":"2023-12-04T10:11:57","date_gmt":"2023-12-04T10:11:57","guid":{"rendered":"https:\/\/cas-sant.com\/finca-hotel-cas-sant-2\/"},"modified":"2025-02-14T15:00:02","modified_gmt":"2025-02-14T15:00:02","slug":"veranstaltungen-auf-mallorca","status":"publish","type":"page","link":"https:\/\/cas-sant.com\/de\/veranstaltungen-auf-mallorca\/","title":{"rendered":"Veranstaltungen auf Mallorca"},"content":{"rendered":"\t\t<div data-elementor-type=\"wp-page\" data-elementor-id=\"1077\" class=\"elementor elementor-1077\" data-elementor-post-type=\"page\">\n\t\t\t\t<div class=\"elementor-element elementor-element-5d410b76 e-con-full e-flex e-con e-parent\" data-id=\"5d410b76\" data-element_type=\"container\" data-e-type=\"container\" data-settings=\"{&quot;background_background&quot;:&quot;video&quot;,&quot;background_video_link&quot;:&quot;https:\\\/\\\/www.youtube.com\\\/watch?v=dgMh_NEe-_s&quot;,&quot;background_video_start&quot;:1,&quot;background_play_on_mobile&quot;:&quot;yes&quot;}\">\n\t\t<div class=\"elementor-background-video-container\">\n\t\t\t\t\t\t\t<div class=\"elementor-background-video-embed\" role=\"presentation\"><\/div>\n\t\t\t\t\t\t<\/div><div class=\"elementor-element elementor-element-deb00b7 e-flex e-con-boxed e-con e-child\" data-id=\"deb00b7\" data-element_type=\"container\" data-e-type=\"container\">\n\t\t\t\t\t<div class=\"e-con-inner\">\n\t\t\t\t<div class=\"elementor-element elementor-element-21b0dec elementor-widget elementor-widget-heading\" data-id=\"21b0dec\" data-element_type=\"widget\" data-e-type=\"widget\" data-widget_type=\"heading.default\">\n\t\t\t\t<div class=\"elementor-widget-container\">\n\t\t\t\t\t<h1 class=\"elementor-heading-title elementor-size-default\">VERANSTALTUNGEN<br> IN MALLORCA<\/h1>\t\t\t\t<\/div>\n\t\t\t\t<\/div>\n\t\t\t\t<div class=\"elementor-element elementor-element-842df35 elementor-widget elementor-widget-heading\" data-id=\"842df35\" data-element_type=\"widget\" data-e-type=\"widget\" data-widget_type=\"heading.default\">\n\t\t\t\t<div class=\"elementor-widget-container\">\n\t\t\t\t\t<h2 class=\"elementor-heading-title elementor-size-default\">Entdecken Sie unsere Veranstaltungen an einem einzigartigen Ort. Wir reservieren das Hotel exklusiv.<\/h2>\t\t\t\t<\/div>\n\t\t\t\t<\/div>\n\t\t\t\t\t<\/div>\n\t\t\t\t<\/div>\n\t\t<div class=\"elementor-element elementor-element-1eee5f9 e-con-full e-flex e-con e-child\" data-id=\"1eee5f9\" data-element_type=\"container\" data-e-type=\"container\" data-settings=\"{&quot;background_background&quot;:&quot;classic&quot;}\">\n\t\t\t\t<\/div>\n\t\t\t\t<\/div>\n\t\t<div class=\"elementor-element elementor-element-2165128f e-con-full e-flex e-con e-parent\" data-id=\"2165128f\" data-element_type=\"container\" data-e-type=\"container\">\n\t\t<div class=\"elementor-element elementor-element-59309582 e-con-full e-flex e-con e-child\" data-id=\"59309582\" data-element_type=\"container\" data-e-type=\"container\" data-settings=\"{&quot;background_background&quot;:&quot;classic&quot;}\">\n\t\t\t\t<div class=\"elementor-element elementor-element-360d22b elementor-widget elementor-widget-heading\" data-id=\"360d22b\" data-element_type=\"widget\" data-e-type=\"widget\" data-widget_type=\"heading.default\">\n\t\t\t\t<div class=\"elementor-widget-container\">\n\t\t\t\t\t<h2 class=\"elementor-heading-title elementor-size-default\">Intime Hochzeiten in Cas-Sant<\/h2>\t\t\t\t<\/div>\n\t\t\t\t<\/div>\n\t\t\t\t<div class=\"elementor-element elementor-element-10db9df elementor-widget elementor-widget-heading\" data-id=\"10db9df\" data-element_type=\"widget\" data-e-type=\"widget\" data-widget_type=\"heading.default\">\n\t\t\t\t<div class=\"elementor-widget-container\">\n\t\t\t\t\t<h3 class=\"elementor-heading-title elementor-size-default\">Ein einzigartiger Ort f\u00fcr Ihren besonderen Tag<\/h3>\t\t\t\t<\/div>\n\t\t\t\t<\/div>\n\t\t\t\t<div class=\"elementor-element elementor-element-3924e38 elementor-widget elementor-widget-text-editor\" data-id=\"3924e38\" data-element_type=\"widget\" data-e-type=\"widget\" data-widget_type=\"text-editor.default\">\n\t\t\t\t<div class=\"elementor-widget-container\">\n\t\t\t\t\t\t\t\t\t<p>Wir von Cas-Sant sind darauf spezialisiert, intime und exklusive Hochzeiten zu organisieren. Unsere Finca, die sich perfekt f\u00fcr Zeremonien am Tag eignet, bietet einen intimen und charmanten Rahmen f\u00fcr bis zu 60 G\u00e4ste. Cas-Sant ist ideal f\u00fcr Paare, die eine kleinere, pers\u00f6nlichere Veranstaltung w\u00fcnschen, und verspricht ein unvergessliches Erlebnis. Wenn unser Hochzeitskonzept mit Ihren Vorstellungen \u00fcbereinstimmt, z\u00f6gern Sie nicht, uns zu kontaktieren. Wir helfen Ihnen gerne bei der Planung des sch\u00f6nsten Tages in Ihrem Leben.<\/p>\t\t\t\t\t\t\t\t<\/div>\n\t\t\t\t<\/div>\n\t\t\t\t<div class=\"elementor-element elementor-element-aa2f3f6 elementor-button-align-start elementor-widget elementor-widget-form\" data-id=\"aa2f3f6\" data-element_type=\"widget\" data-e-type=\"widget\" data-settings=\"{&quot;step_next_label&quot;:&quot;Siguiente&quot;,&quot;step_previous_label&quot;:&quot;Anterior&quot;,&quot;button_width&quot;:&quot;100&quot;,&quot;step_type&quot;:&quot;number_text&quot;,&quot;step_icon_shape&quot;:&quot;circle&quot;}\" data-widget_type=\"form.default\">\n\t\t\t\t<div class=\"elementor-widget-container\">\n\t\t\t\t\t\t\t<form class=\"elementor-form\" method=\"post\" name=\"Nuevo formulario\" aria-label=\"Nuevo formulario\">\n\t\t\t<input type=\"hidden\" name=\"post_id\" value=\"1077\"\/>\n\t\t\t<input type=\"hidden\" name=\"form_id\" value=\"aa2f3f6\"\/>\n\t\t\t<input type=\"hidden\" name=\"referer_title\" value=\"Finca cas Sant\" \/>\n\n\t\t\t\n\t\t\t<div class=\"elementor-form-fields-wrapper elementor-labels-above\">\n\t\t\t\t\t\t\t\t<div class=\"elementor-field-type-text\">\n\t\t\t\t\t<input size=\"1\" type=\"text\" name=\"form_fields[field_33fac1f]\" id=\"form-field-field_33fac1f\" class=\"elementor-field elementor-size-sm \" style=\"display:none !important;\">\t\t\t\t<\/div>\n\t\t\t\t\t\t\t\t<div class=\"elementor-field-type-text elementor-field-group elementor-column elementor-field-group-name elementor-col-100\">\n\t\t\t\t\t\t\t\t\t\t\t\t<label for=\"form-field-name\" class=\"elementor-field-label\">\n\t\t\t\t\t\t\t\tAnzahl\t\t\t\t\t\t\t<\/label>\n\t\t\t\t\t\t\t\t\t\t\t\t\t\t<input size=\"1\" type=\"text\" name=\"form_fields[name]\" id=\"form-field-name\" class=\"elementor-field elementor-size-sm  elementor-field-textual\" placeholder=\"Anzahl\">\n\t\t\t\t\t\t\t\t\t\t\t<\/div>\n\t\t\t\t\t\t\t\t<div class=\"elementor-field-type-email elementor-field-group elementor-column elementor-field-group-email elementor-col-100 elementor-field-required\">\n\t\t\t\t\t\t\t\t\t\t\t\t<label for=\"form-field-email\" class=\"elementor-field-label\">\n\t\t\t\t\t\t\t\tE-Mail Adresse\t\t\t\t\t\t\t<\/label>\n\t\t\t\t\t\t\t\t\t\t\t\t\t\t<input size=\"1\" type=\"email\" name=\"form_fields[email]\" id=\"form-field-email\" class=\"elementor-field elementor-size-sm  elementor-field-textual\" placeholder=\"E-Mail Adresse\" required=\"required\">\n\t\t\t\t\t\t\t\t\t\t\t<\/div>\n\t\t\t\t\t\t\t\t<div class=\"elementor-field-type-textarea elementor-field-group elementor-column elementor-field-group-message elementor-col-100\">\n\t\t\t\t\t\t\t\t\t\t\t\t<label for=\"form-field-message\" class=\"elementor-field-label\">\n\t\t\t\t\t\t\t\tNachricht\t\t\t\t\t\t\t<\/label>\n\t\t\t\t\t\t<textarea class=\"elementor-field-textual elementor-field  elementor-size-sm\" name=\"form_fields[message]\" id=\"form-field-message\" rows=\"4\" placeholder=\"Nachricht\"><\/textarea>\t\t\t\t<\/div>\n\t\t\t\t\t\t\t\t<div class=\"elementor-field-type-recaptcha_v3 elementor-field-group elementor-column elementor-field-group-field_873bb5f elementor-col-100 recaptcha_v3-bottomright\">\n\t\t\t\t\t<div class=\"elementor-field\" id=\"form-field-field_873bb5f\"><div class=\"elementor-g-recaptcha\" data-sitekey=\"6LdfwMUZAAAAANVF-0Lbw2T_Xhhc_JlTBSSQ5dvk\" data-type=\"v3\" data-action=\"Form\" data-badge=\"bottomright\" data-size=\"invisible\"><\/div><\/div>\t\t\t\t<\/div>\n\t\t\t\t\t\t\t\t<div class=\"elementor-field-type-acceptance elementor-field-group elementor-column elementor-field-group-field_c50850e elementor-col-100 elementor-field-required\">\n\t\t\t\t\t\t\t<div class=\"elementor-field-subgroup\">\n\t\t\t<span class=\"elementor-field-option\">\n\t\t\t\t<input type=\"checkbox\" name=\"form_fields[field_c50850e]\" id=\"form-field-field_c50850e\" class=\"elementor-field elementor-size-sm  elementor-acceptance-field\" required=\"required\">\n\t\t\t\t<label for=\"form-field-field_c50850e\">Ich habe gelesen und akzeptiere die<a href=\"https:\/\/cas-sant.com\/politica-de-privacidad\/\" style=\"color:#000000;\"rel=\"nofollow\" target=\"_blank\"> Datenschutzbestimmungen<\/a><\/label>\t\t\t<\/span>\n\t\t<\/div>\n\t\t\t\t\t\t<\/div>\n\t\t\t\t\t\t\t\t<div class=\"elementor-field-group elementor-column elementor-field-type-submit elementor-col-100 e-form__buttons\">\n\t\t\t\t\t<button class=\"elementor-button elementor-size-xs\" type=\"submit\">\n\t\t\t\t\t\t<span class=\"elementor-button-content-wrapper\">\n\t\t\t\t\t\t\t\t\t\t\t\t\t\t\t\t\t\t\t\t\t\t<span class=\"elementor-button-text\">Senden Sie<\/span>\n\t\t\t\t\t\t\t\t\t\t\t\t\t<\/span>\n\t\t\t\t\t<\/button>\n\t\t\t\t<\/div>\n\t\t\t<\/div>\n\t\t<\/form>\n\t\t\t\t\t\t<\/div>\n\t\t\t\t<\/div>\n\t\t\t\t<\/div>\n\t\t<div class=\"elementor-element elementor-element-63163b90 e-con-full e-flex e-con e-child\" data-id=\"63163b90\" data-element_type=\"container\" data-e-type=\"container\" data-settings=\"{&quot;background_background&quot;:&quot;classic&quot;}\">\n\t\t\t\t<\/div>\n\t\t\t\t<\/div>\n\t\t\t\t<\/div>\n\t\t","protected":false},"excerpt":{"rendered":"<p>VERANSTALTUNGEN IN MALLORCA Entdecken Sie unsere Veranstaltungen an einem einzigartigen Ort. Wir reservieren das Hotel exklusiv. Intime Hochzeiten in Cas-Sant Ein einzigartiger Ort f\u00fcr Ihren besonderen Tag Wir von Cas-Sant sind darauf spezialisiert, intime und exklusive Hochzeiten zu organisieren. Unsere Finca, die sich perfekt f\u00fcr Zeremonien am Tag eignet, bietet einen intimen und charmanten Rahmen [&hellip;]<\/p>\n","protected":false},"author":1,"featured_media":0,"parent":0,"menu_order":0,"comment_status":"closed","ping_status":"closed","template":"","meta":{"footnotes":""},"class_list":["post-1077","page","type-page","status-publish","hentry"],"yoast_head":"<!-- This site is optimized with the Yoast SEO plugin v27.4 - https:\/\/yoast.com\/product\/yoast-seo-wordpress\/ -->\n<title>Veranstaltungen auf Mallorca - Finca cas Sant<\/title>\n<meta name=\"description\" content=\"Wir von Cas-Sant sind auf die Organisation von Veranstaltungen aller Art spezialisiert. Auf unserem Landgut verwirklichen wir intime und exklusive Hochzeiten.\" \/>\n<meta name=\"robots\" content=\"index, follow, max-snippet:-1, max-image-preview:large, max-video-preview:-1\" \/>\n<link rel=\"canonical\" href=\"https:\/\/cas-sant.com\/de\/veranstaltungen-auf-mallorca\/\" \/>\n<meta property=\"og:locale\" content=\"es_ES\" \/>\n<meta property=\"og:type\" content=\"article\" \/>\n<meta property=\"og:title\" content=\"Veranstaltungen auf Mallorca - Finca cas Sant\" \/>\n<meta property=\"og:description\" content=\"Wir von Cas-Sant sind auf die Organisation von Veranstaltungen aller Art spezialisiert. Auf unserem Landgut verwirklichen wir intime und exklusive Hochzeiten.\" \/>\n<meta property=\"og:url\" content=\"https:\/\/cas-sant.com\/de\/veranstaltungen-auf-mallorca\/\" \/>\n<meta property=\"og:site_name\" content=\"Finca cas Sant\" \/>\n<meta property=\"article:modified_time\" content=\"2025-02-14T15:00:02+00:00\" \/>\n<meta name=\"twitter:card\" content=\"summary_large_image\" \/>\n<meta name=\"twitter:label1\" content=\"Tiempo de lectura\" \/>\n\t<meta name=\"twitter:data1\" content=\"1 minuto\" \/>\n<script type=\"application\/ld+json\" class=\"yoast-schema-graph\">{\"@context\":\"https:\\\/\\\/schema.org\",\"@graph\":[{\"@type\":\"WebPage\",\"@id\":\"https:\\\/\\\/cas-sant.com\\\/de\\\/veranstaltungen-auf-mallorca\\\/\",\"url\":\"https:\\\/\\\/cas-sant.com\\\/de\\\/veranstaltungen-auf-mallorca\\\/\",\"name\":\"Veranstaltungen auf Mallorca - Finca cas Sant\",\"isPartOf\":{\"@id\":\"https:\\\/\\\/cas-sant.com\\\/de\\\/#website\"},\"datePublished\":\"2023-12-04T10:11:57+00:00\",\"dateModified\":\"2025-02-14T15:00:02+00:00\",\"description\":\"Wir von Cas-Sant sind auf die Organisation von Veranstaltungen aller Art spezialisiert. Auf unserem Landgut verwirklichen wir intime und exklusive Hochzeiten.\",\"breadcrumb\":{\"@id\":\"https:\\\/\\\/cas-sant.com\\\/de\\\/veranstaltungen-auf-mallorca\\\/#breadcrumb\"},\"inLanguage\":\"es\",\"potentialAction\":[{\"@type\":\"ReadAction\",\"target\":[\"https:\\\/\\\/cas-sant.com\\\/de\\\/veranstaltungen-auf-mallorca\\\/\"]}]},{\"@type\":\"BreadcrumbList\",\"@id\":\"https:\\\/\\\/cas-sant.com\\\/de\\\/veranstaltungen-auf-mallorca\\\/#breadcrumb\",\"itemListElement\":[{\"@type\":\"ListItem\",\"position\":1,\"name\":\"Portada\",\"item\":\"https:\\\/\\\/cas-sant.com\\\/de\\\/\"},{\"@type\":\"ListItem\",\"position\":2,\"name\":\"Veranstaltungen auf Mallorca\"}]},{\"@type\":\"WebSite\",\"@id\":\"https:\\\/\\\/cas-sant.com\\\/de\\\/#website\",\"url\":\"https:\\\/\\\/cas-sant.com\\\/de\\\/\",\"name\":\"Finca cas Sant\",\"description\":\"Hotel Boutique en S\u00f3ller  Mallorca\",\"publisher\":{\"@id\":\"https:\\\/\\\/cas-sant.com\\\/de\\\/#organization\"},\"potentialAction\":[{\"@type\":\"SearchAction\",\"target\":{\"@type\":\"EntryPoint\",\"urlTemplate\":\"https:\\\/\\\/cas-sant.com\\\/de\\\/?s={search_term_string}\"},\"query-input\":{\"@type\":\"PropertyValueSpecification\",\"valueRequired\":true,\"valueName\":\"search_term_string\"}}],\"inLanguage\":\"es\"},{\"@type\":\"Organization\",\"@id\":\"https:\\\/\\\/cas-sant.com\\\/de\\\/#organization\",\"name\":\"Finca cas Sant\",\"url\":\"https:\\\/\\\/cas-sant.com\\\/de\\\/\",\"logo\":{\"@type\":\"ImageObject\",\"inLanguage\":\"es\",\"@id\":\"https:\\\/\\\/cas-sant.com\\\/de\\\/#\\\/schema\\\/logo\\\/image\\\/\",\"url\":\"https:\\\/\\\/cas-sant.com\\\/de\\\/wp-content\\\/uploads\\\/sites\\\/3\\\/finca-hotel-cas-sant-mallorca-logo-transparencia.png\",\"contentUrl\":\"https:\\\/\\\/cas-sant.com\\\/de\\\/wp-content\\\/uploads\\\/sites\\\/3\\\/finca-hotel-cas-sant-mallorca-logo-transparencia.png\",\"width\":631,\"height\":265,\"caption\":\"Finca cas Sant\"},\"image\":{\"@id\":\"https:\\\/\\\/cas-sant.com\\\/de\\\/#\\\/schema\\\/logo\\\/image\\\/\"}}]}<\/script>\n<!-- \/ Yoast SEO plugin. -->","yoast_head_json":{"title":"Veranstaltungen auf Mallorca - Finca cas Sant","description":"Wir von Cas-Sant sind auf die Organisation von Veranstaltungen aller Art spezialisiert. Auf unserem Landgut verwirklichen wir intime und exklusive Hochzeiten.","robots":{"index":"index","follow":"follow","max-snippet":"max-snippet:-1","max-image-preview":"max-image-preview:large","max-video-preview":"max-video-preview:-1"},"canonical":"https:\/\/cas-sant.com\/de\/veranstaltungen-auf-mallorca\/","og_locale":"es_ES","og_type":"article","og_title":"Veranstaltungen auf Mallorca - Finca cas Sant","og_description":"Wir von Cas-Sant sind auf die Organisation von Veranstaltungen aller Art spezialisiert. Auf unserem Landgut verwirklichen wir intime und exklusive Hochzeiten.","og_url":"https:\/\/cas-sant.com\/de\/veranstaltungen-auf-mallorca\/","og_site_name":"Finca cas Sant","article_modified_time":"2025-02-14T15:00:02+00:00","twitter_card":"summary_large_image","twitter_misc":{"Tiempo de lectura":"1 minuto"},"schema":{"@context":"https:\/\/schema.org","@graph":[{"@type":"WebPage","@id":"https:\/\/cas-sant.com\/de\/veranstaltungen-auf-mallorca\/","url":"https:\/\/cas-sant.com\/de\/veranstaltungen-auf-mallorca\/","name":"Veranstaltungen auf Mallorca - Finca cas Sant","isPartOf":{"@id":"https:\/\/cas-sant.com\/de\/#website"},"datePublished":"2023-12-04T10:11:57+00:00","dateModified":"2025-02-14T15:00:02+00:00","description":"Wir von Cas-Sant sind auf die Organisation von Veranstaltungen aller Art spezialisiert. Auf unserem Landgut verwirklichen wir intime und exklusive Hochzeiten.","breadcrumb":{"@id":"https:\/\/cas-sant.com\/de\/veranstaltungen-auf-mallorca\/#breadcrumb"},"inLanguage":"es","potentialAction":[{"@type":"ReadAction","target":["https:\/\/cas-sant.com\/de\/veranstaltungen-auf-mallorca\/"]}]},{"@type":"BreadcrumbList","@id":"https:\/\/cas-sant.com\/de\/veranstaltungen-auf-mallorca\/#breadcrumb","itemListElement":[{"@type":"ListItem","position":1,"name":"Portada","item":"https:\/\/cas-sant.com\/de\/"},{"@type":"ListItem","position":2,"name":"Veranstaltungen auf Mallorca"}]},{"@type":"WebSite","@id":"https:\/\/cas-sant.com\/de\/#website","url":"https:\/\/cas-sant.com\/de\/","name":"Finca cas Sant","description":"Hotel Boutique en S\u00f3ller  Mallorca","publisher":{"@id":"https:\/\/cas-sant.com\/de\/#organization"},"potentialAction":[{"@type":"SearchAction","target":{"@type":"EntryPoint","urlTemplate":"https:\/\/cas-sant.com\/de\/?s={search_term_string}"},"query-input":{"@type":"PropertyValueSpecification","valueRequired":true,"valueName":"search_term_string"}}],"inLanguage":"es"},{"@type":"Organization","@id":"https:\/\/cas-sant.com\/de\/#organization","name":"Finca cas Sant","url":"https:\/\/cas-sant.com\/de\/","logo":{"@type":"ImageObject","inLanguage":"es","@id":"https:\/\/cas-sant.com\/de\/#\/schema\/logo\/image\/","url":"https:\/\/cas-sant.com\/de\/wp-content\/uploads\/sites\/3\/finca-hotel-cas-sant-mallorca-logo-transparencia.png","contentUrl":"https:\/\/cas-sant.com\/de\/wp-content\/uploads\/sites\/3\/finca-hotel-cas-sant-mallorca-logo-transparencia.png","width":631,"height":265,"caption":"Finca cas Sant"},"image":{"@id":"https:\/\/cas-sant.com\/de\/#\/schema\/logo\/image\/"}}]}},"_links":{"self":[{"href":"https:\/\/cas-sant.com\/de\/wp-json\/wp\/v2\/pages\/1077","targetHints":{"allow":["GET"]}}],"collection":[{"href":"https:\/\/cas-sant.com\/de\/wp-json\/wp\/v2\/pages"}],"about":[{"href":"https:\/\/cas-sant.com\/de\/wp-json\/wp\/v2\/types\/page"}],"author":[{"embeddable":true,"href":"https:\/\/cas-sant.com\/de\/wp-json\/wp\/v2\/users\/1"}],"replies":[{"embeddable":true,"href":"https:\/\/cas-sant.com\/de\/wp-json\/wp\/v2\/comments?post=1077"}],"version-history":[{"count":5,"href":"https:\/\/cas-sant.com\/de\/wp-json\/wp\/v2\/pages\/1077\/revisions"}],"predecessor-version":[{"id":2135,"href":"https:\/\/cas-sant.com\/de\/wp-json\/wp\/v2\/pages\/1077\/revisions\/2135"}],"wp:attachment":[{"href":"https:\/\/cas-sant.com\/de\/wp-json\/wp\/v2\/media?parent=1077"}],"curies":[{"name":"wp","href":"https:\/\/api.w.org\/{rel}","templated":true}]}}