{"id":1662,"date":"2023-12-04T10:11:57","date_gmt":"2023-12-04T10:11:57","guid":{"rendered":"https:\/\/cas-sant.com\/hotel-sostenible-en-mallorca-2\/"},"modified":"2025-02-14T14:49:26","modified_gmt":"2025-02-14T14:49:26","slug":"finca-cas-sant-schwimmbader","status":"publish","type":"page","link":"https:\/\/cas-sant.com\/de\/finca-cas-sant-schwimmbader\/","title":{"rendered":"Finca Cas-Sant Schwimmb\u00e4der"},"content":{"rendered":"\t\t<div data-elementor-type=\"wp-page\" data-elementor-id=\"1662\" class=\"elementor elementor-1662\" data-elementor-post-type=\"page\">\n\t\t\t\t<div class=\"elementor-element elementor-element-cc304d4 e-con-full e-flex e-con e-parent\" data-id=\"cc304d4\" data-element_type=\"container\" data-e-type=\"container\" data-settings=\"{&quot;background_background&quot;:&quot;classic&quot;}\">\n\t\t<div class=\"elementor-element elementor-element-2566614 e-flex e-con-boxed e-con e-child\" data-id=\"2566614\" data-element_type=\"container\" data-e-type=\"container\">\n\t\t\t\t\t<div class=\"e-con-inner\">\n\t\t\t\t<div class=\"elementor-element elementor-element-c41fb05 elementor-widget__width-initial elementor-widget elementor-widget-heading\" data-id=\"c41fb05\" data-element_type=\"widget\" data-e-type=\"widget\" data-widget_type=\"heading.default\">\n\t\t\t\t<div class=\"elementor-widget-container\">\n\t\t\t\t\t<h1 class=\"elementor-heading-title elementor-size-default\">Piscinas en Finca Ca\u00b4s-Sant<\/h1>\t\t\t\t<\/div>\n\t\t\t\t<\/div>\n\t\t\t\t\t<\/div>\n\t\t\t\t<\/div>\n\t\t<div class=\"elementor-element elementor-element-4d834db e-con-full e-flex e-con e-child\" data-id=\"4d834db\" data-element_type=\"container\" data-e-type=\"container\" data-settings=\"{&quot;background_background&quot;:&quot;video&quot;}\">\n\t\t\t\t<\/div>\n\t\t\t\t<\/div>\n\t\t<div class=\"elementor-element elementor-element-1466033 e-con-full e-flex e-con e-parent\" data-id=\"1466033\" data-element_type=\"container\" data-e-type=\"container\" data-settings=\"{&quot;background_background&quot;:&quot;gradient&quot;}\">\n\t\t<div class=\"elementor-element elementor-element-c4f71e8 e-con-full e-flex e-con e-child\" data-id=\"c4f71e8\" data-element_type=\"container\" data-e-type=\"container\">\n\t\t\t\t<div class=\"elementor-element elementor-element-36b0e3c elementor-widget-tablet__width-inherit elementor-widget elementor-widget-heading\" data-id=\"36b0e3c\" data-element_type=\"widget\" data-e-type=\"widget\" data-widget_type=\"heading.default\">\n\t\t\t\t<div class=\"elementor-widget-container\">\n\t\t\t\t\t<h1 class=\"elementor-heading-title elementor-size-default\">Entdecken Sie das einzigartige Erlebnis unserer Pools: Columns und Magnolia!<\/h1>\t\t\t\t<\/div>\n\t\t\t\t<\/div>\n\t\t\t\t<div class=\"elementor-element elementor-element-3a0cb59 elementor-position-inline-start elementor-view-default elementor-mobile-position-block-start elementor-widget elementor-widget-icon-box\" data-id=\"3a0cb59\" data-element_type=\"widget\" data-e-type=\"widget\" data-settings=\"{&quot;_animation&quot;:&quot;none&quot;}\" data-widget_type=\"icon-box.default\">\n\t\t\t\t<div class=\"elementor-widget-container\">\n\t\t\t\t\t\t\t<div class=\"elementor-icon-box-wrapper\">\n\n\t\t\t\t\t\t<div class=\"elementor-icon-box-icon\">\n\t\t\t\t<span  class=\"elementor-icon elementor-animation-grow\">\n\t\t\t\t<svg xmlns=\"http:\/\/www.w3.org\/2000\/svg\" xmlns:xlink=\"http:\/\/www.w3.org\/1999\/xlink\" id=\"Capa_1\" x=\"0px\" y=\"0px\" viewBox=\"0 0 512 512\" style=\"enable-background:new 0 0 512 512;\" xml:space=\"preserve\"><style type=\"text\/css\">\t.st0{fill-rule:evenodd;clip-rule:evenodd;fill:#020203;}<\/style><g id=\"Layer_x0020_1\">\t<g id=\"_2447544005168\">\t\t<g>\t\t\t<g id=\"_213798936\">\t\t\t\t<path class=\"st0\" d=\"M103,246.4c-13.8,0-26-9.8-37.9-19.3c-11.5-9.3-22.5-18-32.9-16.5c-6.9,1-13.8,6.6-20.9,17     c-1.9,2.7-5.6,3.4-8.3,1.6s-3.4-5.6-1.6-8.3c9.1-13.3,18.6-20.5,29-22.1c15.6-2.3,29.1,8.5,42.2,19     c11.6,9.3,22.5,18.1,32.9,16.5c6.9-1,13.8-6.6,20.9-17c9.1-13.3,18.6-20.5,29-22.1c15.6-2.3,29.1,8.5,42.1,19     c11.6,9.3,22.5,18.1,32.9,16.5c6.9-1,13.8-6.6,20.9-17c9.1-13.3,18.6-20.6,29-22.1c15.6-2.3,29.1,8.5,42.2,19     c11.5,9.3,22.5,18,32.9,16.5c6.9-1,13.8-6.6,20.9-17c9.1-13.3,18.6-20.6,29-22.1c15.6-2.3,29.1,8.5,42.2,19     c11.5,9.3,22.5,18,32.9,16.5c6.9-1,13.8-6.6,20.9-17c1.9-2.7,5.6-3.4,8.3-1.6c2.7,1.9,3.4,5.6,1.6,8.3     c-9.1,13.3-18.6,20.5-29,22.1c-15.6,2.3-29.1-8.5-42.1-19c-11.6-9.3-22.5-18-32.9-16.5c-6.9,1-13.8,6.6-20.9,17     c-9.1,13.3-18.6,20.5-29,22.1c-15.6,2.3-29.1-8.5-42.1-19c-11.6-9.3-22.5-18-32.9-16.5c-6.9,1-13.8,6.6-20.9,17     c-9.1,13.3-18.6,20.5-29,22.1c-15.6,2.3-29.1-8.5-42.2-19c-11.6-9.3-22.5-18.1-32.9-16.5c-6.9,1-13.8,6.6-20.9,17     c-9.1,13.3-18.6,20.5-29,22.1C105.8,246.3,104.4,246.4,103,246.4L103,246.4z\"><\/path>\t\t\t<\/g>\t\t\t<g id=\"_213798936_00000173124638970867319180000002649628126785707679_\">\t\t\t\t<path class=\"st0\" d=\"M103,156.4c-13.8,0-26-9.8-37.9-19.3c-11.5-9.3-22.5-18-32.9-16.5c-6.9,1-13.8,6.6-20.9,17     c-1.9,2.7-5.6,3.4-8.3,1.6s-3.4-5.6-1.6-8.3c9.1-13.3,18.6-20.5,29-22.1c15.6-2.3,29.1,8.5,42.2,19     c11.6,9.3,22.5,18.1,32.9,16.5c6.9-1,13.8-6.6,20.9-17c9.1-13.3,18.6-20.5,29-22.1c15.6-2.3,29.1,8.5,42.1,19     c11.6,9.3,22.5,18.1,32.9,16.5c6.9-1,13.8-6.6,20.9-17c9.1-13.3,18.6-20.6,29-22.1c15.6-2.3,29.1,8.5,42.2,19     c11.5,9.3,22.5,18,32.9,16.5c6.9-1,13.8-6.6,20.9-17c9.1-13.3,18.6-20.6,29-22.1c15.6-2.3,29.1,8.5,42.2,19     c11.5,9.3,22.5,18,32.9,16.5c6.9-1,13.8-6.6,20.9-17c1.9-2.7,5.6-3.4,8.3-1.6c2.7,1.9,3.4,5.6,1.6,8.3     c-9.1,13.3-18.6,20.5-29,22.1c-15.6,2.3-29.1-8.5-42.1-19c-11.6-9.3-22.5-18-32.9-16.5c-6.9,1-13.8,6.6-20.9,17     c-9.1,13.3-18.6,20.5-29,22.1c-15.6,2.3-29.1-8.5-42.1-19c-11.6-9.3-22.5-18-32.9-16.5c-6.9,1-13.8,6.6-20.9,17     c-9.1,13.3-18.6,20.5-29,22.1c-15.6,2.3-29.1-8.5-42.2-19c-11.6-9.3-22.5-18.1-32.9-16.5c-6.9,1-13.8,6.6-20.9,17     c-9.1,13.3-18.6,20.5-29,22.1C105.8,156.3,104.4,156.4,103,156.4L103,156.4z\"><\/path>\t\t\t<\/g>\t\t\t<g id=\"_213799080\">\t\t\t\t<path class=\"st0\" d=\"M103,331.5c-13.8,0-26-9.8-37.9-19.3c-11.5-9.3-22.5-18.1-32.9-16.5c-6.9,1-13.8,6.6-20.9,17     c-1.9,2.7-5.6,3.4-8.3,1.6c-2.7-1.9-3.4-5.6-1.6-8.3c9.1-13.3,18.6-20.5,29-22.1c15.6-2.3,29.1,8.5,42.2,19     c11.6,9.3,22.5,18,32.9,16.5c6.9-1,13.8-6.6,20.9-17c9.1-13.3,18.6-20.5,29-22.1c15.6-2.3,29.1,8.5,42.1,19     c11.6,9.3,22.5,18,32.9,16.5c6.9-1,13.8-6.6,20.9-17c9.1-13.3,18.6-20.5,29-22.1c15.6-2.3,29.1,8.5,42.2,19     c11.5,9.3,22.5,18,32.9,16.5c6.9-1,13.8-6.6,20.9-17c9.1-13.3,18.6-20.5,29-22.1c15.6-2.3,29.1,8.5,42.2,19     c11.5,9.3,22.5,18.1,32.9,16.5c6.9-1,13.8-6.6,20.9-17c1.9-2.7,5.6-3.4,8.3-1.6c2.7,1.9,3.4,5.6,1.6,8.3     c-9.1,13.3-18.6,20.5-29,22.1c-15.6,2.3-29.1-8.5-42.1-19c-11.6-9.3-22.5-18.1-32.9-16.5c-6.9,1-13.8,6.6-20.9,17     c-9.1,13.3-18.6,20.5-29,22.1c-15.6,2.3-29.1-8.5-42.1-19c-11.6-9.3-22.5-18-32.9-16.5c-6.9,1-13.8,6.6-20.9,17     c-9.1,13.3-18.6,20.5-29,22.1c-15.6,2.3-29.1-8.5-42.2-19c-11.6-9.3-22.5-18-32.9-16.5c-6.9,1-13.8,6.6-20.9,17     c-9.1,13.3-18.6,20.5-29,22.1C105.8,331.4,104.4,331.5,103,331.5L103,331.5z\"><\/path>\t\t\t<\/g>\t\t\t<g id=\"_213799104\">\t\t\t\t<path class=\"st0\" d=\"M103,416.6c-13.8,0-26-9.8-37.9-19.3c-11.5-9.3-22.5-18-32.9-16.5c-6.9,1-13.8,6.6-20.9,17     c-1.9,2.7-5.6,3.4-8.3,1.6c-2.7-1.9-3.4-5.6-1.6-8.3c9.1-13.3,18.6-20.5,29-22.1c15.6-2.3,29.1,8.5,42.2,19     c11.6,9.3,22.5,18,32.9,16.5c6.9-1,13.8-6.6,20.9-17c9.1-13.3,18.6-20.5,29-22.1c15.6-2.3,29.1,8.5,42.1,19     c11.6,9.3,22.5,18,32.9,16.5c6.9-1,13.8-6.6,20.9-17c9.1-13.3,18.6-20.5,29-22.1c15.6-2.3,29.1,8.5,42.2,19     c11.5,9.3,22.5,18,32.9,16.5c6.9-1,13.8-6.6,20.9-17c9.1-13.3,18.6-20.5,29-22.1c15.6-2.3,29.1,8.5,42.2,19     c11.5,9.3,22.5,18,32.9,16.5c6.9-1,13.8-6.6,20.9-17c1.9-2.7,5.6-3.4,8.3-1.6c2.7,1.9,3.4,5.6,1.6,8.3     c-9.1,13.3-18.6,20.5-29,22.1c-15.6,2.3-29.1-8.5-42.1-19c-11.6-9.3-22.5-18.1-32.9-16.5c-6.9,1-13.8,6.6-20.9,17     c-9.1,13.3-18.6,20.5-29,22.1c-15.6,2.3-29.1-8.5-42.1-19c-11.6-9.3-22.5-18-32.9-16.5c-6.9,1-13.8,6.6-20.9,17     c-9.1,13.3-18.6,20.5-29,22.1c-15.6,2.3-29.1-8.5-42.2-19c-11.6-9.3-22.5-18-32.9-16.5c-6.9,1-13.8,6.6-20.9,17     c-9.1,13.3-18.6,20.5-29,22.1C105.8,416.5,104.4,416.6,103,416.6L103,416.6z\"><\/path>\t\t\t<\/g>\t\t<\/g>\t<\/g><\/g><\/svg>\t\t\t\t<\/span>\n\t\t\t<\/div>\n\t\t\t\n\t\t\t\t\t\t<div class=\"elementor-icon-box-content\">\n\n\t\t\t\t\n\t\t\t\t\t\t\t\t\t<p class=\"elementor-icon-box-description\">\n\t\t\t\t\t\tTauchen Sie ein in eine Reise in die Vergangenheit, wenn Sie den majest\u00e4tischen Columns Pool genie\u00dfen. Mit einer beeindruckenden L\u00e4nge von 23 Metern versetzt dieser Pool Sie durch seine fesselnde Architektur in die Vergangenheit zur\u00fcck. Umgeben von der imposanten Tramuntana-Bergkette wird jeder Sprung zu einer Flucht in die Ruhe vergangener Epochen. Die S\u00e4ulen, die die Umgebung schm\u00fccken, schaffen eine einzigartige Atmosph\u00e4re, in der sich historischer Charme mit der Majest\u00e4t der Berge verbindet. Im malerischen Dorf S\u00f3ller gelegen, ist der S\u00e4ulenpool ein verborgener Schatz f\u00fcr Liebhaber von Geschichte und Gelassenheit.\nWenn Sie eine k\u00fchlere, entspannendere Erfahrung bevorzugen, erwartet Sie unser zweites Juwel, der Magnolienpool, im Schatten dieses herrlichen Baumes. Stellen Sie sich vor, Sie schwimmen in kristallklarem Wasser, w\u00e4hrend der berauschende Duft der im Juni bl\u00fchenden Blumen die Luft um Sie herum durchdringt. Dieser Pool ist ein perfekter Zufluchtsort inmitten der Natur, wo der Schatten des Magnolienbaums einen idyllischen Rahmen f\u00fcr ein ruhiges Bad schafft.\nOb Sie nun die Vergangenheit unter den S\u00e4ulen wieder aufleben lassen oder in die K\u00fchle unter der Magnolie eintauchen wollen, unsere beiden Pools bieten einzigartige Erlebnisse, die alle Ihre Sinne erfreuen werden. Kommen Sie und entdecken Sie sie selbst in unserer Oase der Ruhe und der nat\u00fcrlichen Sch\u00f6nheit im charmanten Dorf S\u00f3ller!\t\t\t\t\t<\/p>\n\t\t\t\t\n\t\t\t<\/div>\n\t\t\t\n\t\t<\/div>\n\t\t\t\t\t\t<\/div>\n\t\t\t\t<\/div>\n\t\t\t\t<div class=\"elementor-element elementor-element-26dae25 elementor-widget elementor-widget-spacer\" data-id=\"26dae25\" data-element_type=\"widget\" data-e-type=\"widget\" data-widget_type=\"spacer.default\">\n\t\t\t\t<div class=\"elementor-widget-container\">\n\t\t\t\t\t\t\t<div class=\"elementor-spacer\">\n\t\t\t<div class=\"elementor-spacer-inner\"><\/div>\n\t\t<\/div>\n\t\t\t\t\t\t<\/div>\n\t\t\t\t<\/div>\n\t\t\t\t<\/div>\n\t\t<div class=\"elementor-element elementor-element-a6b8a8c e-con-full e-flex e-con e-child\" data-id=\"a6b8a8c\" data-element_type=\"container\" data-e-type=\"container\">\n\t\t<div class=\"elementor-element elementor-element-999803b e-con-full e-flex e-con e-child\" data-id=\"999803b\" data-element_type=\"container\" data-e-type=\"container\">\n\t\t\t\t<div class=\"elementor-element elementor-element-9422275 elementor-flip-box--effect-fade elementor-widget elementor-widget-flip-box\" data-id=\"9422275\" data-element_type=\"widget\" data-e-type=\"widget\" data-widget_type=\"flip-box.default\">\n\t\t\t\t<div class=\"elementor-widget-container\">\n\t\t\t\t\t\t\t<div class=\"elementor-flip-box\" tabindex=\"0\">\n\t\t\t<div class=\"elementor-flip-box__layer elementor-flip-box__front\">\n\t\t\t\t<div class=\"elementor-flip-box__layer__overlay\">\n\t\t\t\t\t<div class=\"elementor-flip-box__layer__inner\">\n\t\t\t\t\t\t\t\t\t\t\t\t\t<div class=\"elementor-flip-box__image\">\n\t\t\t\t\t\t\t\t<img fetchpriority=\"high\" decoding=\"async\" width=\"532\" height=\"800\" src=\"https:\/\/cas-sant.com\/de\/wp-content\/uploads\/sites\/3\/Finca-Cas-Sant-en-Soller-Mallorca-piscina-Magnolia.webp\" class=\"attachment-full size-full wp-image-1688\" alt=\"Finca Cas Sant en Soller Mallorca piscina Magnolia\" srcset=\"https:\/\/cas-sant.com\/de\/wp-content\/uploads\/sites\/3\/Finca-Cas-Sant-en-Soller-Mallorca-piscina-Magnolia.webp 532w, https:\/\/cas-sant.com\/de\/wp-content\/uploads\/sites\/3\/Finca-Cas-Sant-en-Soller-Mallorca-piscina-Magnolia-200x300.webp 200w\" sizes=\"(max-width: 532px) 100vw, 532px\" \/>\t\t\t\t\t\t\t<\/div>\n\t\t\t\t\t\t\n\t\t\t\t\t\t\t\t\t\t\t\t\t<h3 class=\"elementor-flip-box__layer__title\">\n\t\t\t\t\t\t\t\tMagnolien Pool\t\t\t\t\t\t\t<\/h3>\n\t\t\t\t\t\t\n\t\t\t\t\t\t\t\t\t\t\t\t\t<div class=\"elementor-flip-box__layer__description\">\n\t\t\t\t\t\t\t\tGeeignet f\u00fcr Erwachsene und Kinder.\t\t\t\t\t\t\t<\/div>\n\t\t\t\t\t\t\t\t\t\t\t<\/div>\n\t\t\t\t<\/div>\n\t\t\t<\/div>\n\t\t\t<div class=\"elementor-flip-box__layer elementor-flip-box__back\">\n\t\t\t<div class=\"elementor-flip-box__layer__overlay\">\n\t\t\t\t<div class=\"elementor-flip-box__layer__inner\">\n\t\t\t\t\t\n\t\t\t\t\t\n\t\t\t\t\t\t\t\t<\/div>\n\t\t<\/div>\n\t\t<\/div>\n\t\t<\/div>\n\t\t\t\t\t\t<\/div>\n\t\t\t\t<\/div>\n\t\t\t\t<\/div>\n\t\t<div class=\"elementor-element elementor-element-4d7d968 e-con-full e-flex e-con e-child\" data-id=\"4d7d968\" data-element_type=\"container\" data-e-type=\"container\">\n\t\t\t\t<div class=\"elementor-element elementor-element-e293127 elementor-flip-box--effect-fade elementor-widget elementor-widget-flip-box\" data-id=\"e293127\" data-element_type=\"widget\" data-e-type=\"widget\" data-widget_type=\"flip-box.default\">\n\t\t\t\t<div class=\"elementor-widget-container\">\n\t\t\t\t\t\t\t<div class=\"elementor-flip-box\" tabindex=\"0\">\n\t\t\t<div class=\"elementor-flip-box__layer elementor-flip-box__front\">\n\t\t\t\t<div class=\"elementor-flip-box__layer__overlay\">\n\t\t\t\t\t<div class=\"elementor-flip-box__layer__inner\">\n\t\t\t\t\t\t\t\t\t\t\t\t\t<div class=\"elementor-flip-box__image\">\n\t\t\t\t\t\t\t\t<img decoding=\"async\" width=\"665\" height=\"1000\" src=\"https:\/\/cas-sant.com\/de\/wp-content\/uploads\/sites\/3\/Finca-Cas-Sant-en-Soller-Mallorca-piscina-de-las-columnas.webp\" class=\"attachment-full size-full wp-image-1692\" alt=\"Finca Cas Sant en Soller Mallorca piscina de las columnas\" srcset=\"https:\/\/cas-sant.com\/de\/wp-content\/uploads\/sites\/3\/Finca-Cas-Sant-en-Soller-Mallorca-piscina-de-las-columnas.webp 665w, https:\/\/cas-sant.com\/de\/wp-content\/uploads\/sites\/3\/Finca-Cas-Sant-en-Soller-Mallorca-piscina-de-las-columnas-200x300.webp 200w\" sizes=\"(max-width: 665px) 100vw, 665px\" \/>\t\t\t\t\t\t\t<\/div>\n\t\t\t\t\t\t\n\t\t\t\t\t\t\t\t\t\t\t\t\t<h3 class=\"elementor-flip-box__layer__title\">\n\t\t\t\t\t\t\t\tPool von Spalten\t\t\t\t\t\t\t<\/h3>\n\t\t\t\t\t\t\n\t\t\t\t\t\t\t\t\t\t\t\t\t<div class=\"elementor-flip-box__layer__description\">\n\t\t\t\t\t\t\t\tSOLO richtet sich an Erwachsene.\t\t\t\t\t\t\t<\/div>\n\t\t\t\t\t\t\t\t\t\t\t<\/div>\n\t\t\t\t<\/div>\n\t\t\t<\/div>\n\t\t\t<div class=\"elementor-flip-box__layer elementor-flip-box__back\">\n\t\t\t<div class=\"elementor-flip-box__layer__overlay\">\n\t\t\t\t<div class=\"elementor-flip-box__layer__inner\">\n\t\t\t\t\t\n\t\t\t\t\t\n\t\t\t\t\t\t\t\t<\/div>\n\t\t<\/div>\n\t\t<\/div>\n\t\t<\/div>\n\t\t\t\t\t\t<\/div>\n\t\t\t\t<\/div>\n\t\t\t\t<\/div>\n\t\t\t\t<\/div>\n\t\t\t\t<\/div>\n\t\t\t\t<\/div>\n\t\t","protected":false},"excerpt":{"rendered":"<p>Piscinas en Finca Ca\u00b4s-Sant Entdecken Sie das einzigartige Erlebnis unserer Pools: Columns und Magnolia! Tauchen Sie ein in eine Reise in die Vergangenheit, wenn Sie den majest\u00e4tischen Columns Pool genie\u00dfen. Mit einer beeindruckenden L\u00e4nge von 23 Metern versetzt dieser Pool Sie durch seine fesselnde Architektur in die Vergangenheit zur\u00fcck. Umgeben von der imposanten Tramuntana-Bergkette wird [&hellip;]<\/p>\n","protected":false},"author":1,"featured_media":0,"parent":0,"menu_order":0,"comment_status":"closed","ping_status":"closed","template":"elementor_header_footer","meta":{"footnotes":""},"class_list":["post-1662","page","type-page","status-publish","hentry"],"yoast_head":"<!-- This site is optimized with the Yoast SEO plugin v27.3 - https:\/\/yoast.com\/product\/yoast-seo-wordpress\/ -->\n<title>Finca Cas-Sant Schwimmb\u00e4der - Finca cas Sant<\/title>\n<meta name=\"description\" content=\"Entdecken Sie das einzigartige Erlebnis unserer Schwimmb\u00e4der auf der Finca Cas-Sant auf Mallorca. Wir haben 2 Pools: Columnas und Magnolia.\" \/>\n<meta name=\"robots\" content=\"index, follow, max-snippet:-1, max-image-preview:large, max-video-preview:-1\" \/>\n<link rel=\"canonical\" href=\"https:\/\/cas-sant.com\/de\/finca-cas-sant-schwimmbader\/\" \/>\n<meta property=\"og:locale\" content=\"es_ES\" \/>\n<meta property=\"og:type\" content=\"article\" \/>\n<meta property=\"og:title\" content=\"Finca Cas-Sant Schwimmb\u00e4der - Finca cas Sant\" \/>\n<meta property=\"og:description\" content=\"Entdecken Sie das einzigartige Erlebnis unserer Schwimmb\u00e4der auf der Finca Cas-Sant auf Mallorca. Wir haben 2 Pools: Columnas und Magnolia.\" \/>\n<meta property=\"og:url\" content=\"https:\/\/cas-sant.com\/de\/finca-cas-sant-schwimmbader\/\" \/>\n<meta property=\"og:site_name\" content=\"Finca cas Sant\" \/>\n<meta property=\"article:modified_time\" content=\"2025-02-14T14:49:26+00:00\" \/>\n<meta property=\"og:image\" content=\"https:\/\/cas-sant.com\/de\/wp-content\/uploads\/sites\/3\/Finca-Cas-Sant-en-Soller-Mallorca-piscina-Magnolia.webp\" \/>\n\t<meta property=\"og:image:width\" content=\"532\" \/>\n\t<meta property=\"og:image:height\" content=\"800\" \/>\n\t<meta property=\"og:image:type\" content=\"image\/webp\" \/>\n<meta name=\"twitter:card\" content=\"summary_large_image\" \/>\n<meta name=\"twitter:label1\" content=\"Tiempo de lectura\" \/>\n\t<meta name=\"twitter:data1\" content=\"1 minuto\" \/>\n<script type=\"application\/ld+json\" class=\"yoast-schema-graph\">{\"@context\":\"https:\\\/\\\/schema.org\",\"@graph\":[{\"@type\":\"WebPage\",\"@id\":\"https:\\\/\\\/cas-sant.com\\\/de\\\/finca-cas-sant-schwimmbader\\\/\",\"url\":\"https:\\\/\\\/cas-sant.com\\\/de\\\/finca-cas-sant-schwimmbader\\\/\",\"name\":\"Finca Cas-Sant Schwimmb\u00e4der - Finca cas Sant\",\"isPartOf\":{\"@id\":\"https:\\\/\\\/cas-sant.com\\\/de\\\/#website\"},\"primaryImageOfPage\":{\"@id\":\"https:\\\/\\\/cas-sant.com\\\/de\\\/finca-cas-sant-schwimmbader\\\/#primaryimage\"},\"image\":{\"@id\":\"https:\\\/\\\/cas-sant.com\\\/de\\\/finca-cas-sant-schwimmbader\\\/#primaryimage\"},\"thumbnailUrl\":\"https:\\\/\\\/cas-sant.com\\\/de\\\/wp-content\\\/uploads\\\/sites\\\/3\\\/Finca-Cas-Sant-en-Soller-Mallorca-piscina-Magnolia.webp\",\"datePublished\":\"2023-12-04T10:11:57+00:00\",\"dateModified\":\"2025-02-14T14:49:26+00:00\",\"description\":\"Entdecken Sie das einzigartige Erlebnis unserer Schwimmb\u00e4der auf der Finca Cas-Sant auf Mallorca. Wir haben 2 Pools: Columnas und Magnolia.\",\"breadcrumb\":{\"@id\":\"https:\\\/\\\/cas-sant.com\\\/de\\\/finca-cas-sant-schwimmbader\\\/#breadcrumb\"},\"inLanguage\":\"es\",\"potentialAction\":[{\"@type\":\"ReadAction\",\"target\":[\"https:\\\/\\\/cas-sant.com\\\/de\\\/finca-cas-sant-schwimmbader\\\/\"]}]},{\"@type\":\"ImageObject\",\"inLanguage\":\"es\",\"@id\":\"https:\\\/\\\/cas-sant.com\\\/de\\\/finca-cas-sant-schwimmbader\\\/#primaryimage\",\"url\":\"https:\\\/\\\/cas-sant.com\\\/de\\\/wp-content\\\/uploads\\\/sites\\\/3\\\/Finca-Cas-Sant-en-Soller-Mallorca-piscina-Magnolia.webp\",\"contentUrl\":\"https:\\\/\\\/cas-sant.com\\\/de\\\/wp-content\\\/uploads\\\/sites\\\/3\\\/Finca-Cas-Sant-en-Soller-Mallorca-piscina-Magnolia.webp\",\"width\":532,\"height\":800,\"caption\":\"Finca Cas Sant en Soller Mallorca piscina Magnolia\"},{\"@type\":\"BreadcrumbList\",\"@id\":\"https:\\\/\\\/cas-sant.com\\\/de\\\/finca-cas-sant-schwimmbader\\\/#breadcrumb\",\"itemListElement\":[{\"@type\":\"ListItem\",\"position\":1,\"name\":\"Portada\",\"item\":\"https:\\\/\\\/cas-sant.com\\\/de\\\/\"},{\"@type\":\"ListItem\",\"position\":2,\"name\":\"Finca Cas-Sant Schwimmb\u00e4der\"}]},{\"@type\":\"WebSite\",\"@id\":\"https:\\\/\\\/cas-sant.com\\\/de\\\/#website\",\"url\":\"https:\\\/\\\/cas-sant.com\\\/de\\\/\",\"name\":\"Finca cas Sant\",\"description\":\"Hotel Boutique en S\u00f3ller  Mallorca\",\"publisher\":{\"@id\":\"https:\\\/\\\/cas-sant.com\\\/de\\\/#organization\"},\"potentialAction\":[{\"@type\":\"SearchAction\",\"target\":{\"@type\":\"EntryPoint\",\"urlTemplate\":\"https:\\\/\\\/cas-sant.com\\\/de\\\/?s={search_term_string}\"},\"query-input\":{\"@type\":\"PropertyValueSpecification\",\"valueRequired\":true,\"valueName\":\"search_term_string\"}}],\"inLanguage\":\"es\"},{\"@type\":\"Organization\",\"@id\":\"https:\\\/\\\/cas-sant.com\\\/de\\\/#organization\",\"name\":\"Finca cas Sant\",\"url\":\"https:\\\/\\\/cas-sant.com\\\/de\\\/\",\"logo\":{\"@type\":\"ImageObject\",\"inLanguage\":\"es\",\"@id\":\"https:\\\/\\\/cas-sant.com\\\/de\\\/#\\\/schema\\\/logo\\\/image\\\/\",\"url\":\"https:\\\/\\\/cas-sant.com\\\/de\\\/wp-content\\\/uploads\\\/sites\\\/3\\\/finca-hotel-cas-sant-mallorca-logo-transparencia.png\",\"contentUrl\":\"https:\\\/\\\/cas-sant.com\\\/de\\\/wp-content\\\/uploads\\\/sites\\\/3\\\/finca-hotel-cas-sant-mallorca-logo-transparencia.png\",\"width\":631,\"height\":265,\"caption\":\"Finca cas Sant\"},\"image\":{\"@id\":\"https:\\\/\\\/cas-sant.com\\\/de\\\/#\\\/schema\\\/logo\\\/image\\\/\"}}]}<\/script>\n<!-- \/ Yoast SEO plugin. -->","yoast_head_json":{"title":"Finca Cas-Sant Schwimmb\u00e4der - Finca cas Sant","description":"Entdecken Sie das einzigartige Erlebnis unserer Schwimmb\u00e4der auf der Finca Cas-Sant auf Mallorca. Wir haben 2 Pools: Columnas und Magnolia.","robots":{"index":"index","follow":"follow","max-snippet":"max-snippet:-1","max-image-preview":"max-image-preview:large","max-video-preview":"max-video-preview:-1"},"canonical":"https:\/\/cas-sant.com\/de\/finca-cas-sant-schwimmbader\/","og_locale":"es_ES","og_type":"article","og_title":"Finca Cas-Sant Schwimmb\u00e4der - Finca cas Sant","og_description":"Entdecken Sie das einzigartige Erlebnis unserer Schwimmb\u00e4der auf der Finca Cas-Sant auf Mallorca. Wir haben 2 Pools: Columnas und Magnolia.","og_url":"https:\/\/cas-sant.com\/de\/finca-cas-sant-schwimmbader\/","og_site_name":"Finca cas Sant","article_modified_time":"2025-02-14T14:49:26+00:00","og_image":[{"width":532,"height":800,"url":"https:\/\/cas-sant.com\/de\/wp-content\/uploads\/sites\/3\/Finca-Cas-Sant-en-Soller-Mallorca-piscina-Magnolia.webp","type":"image\/webp"}],"twitter_card":"summary_large_image","twitter_misc":{"Tiempo de lectura":"1 minuto"},"schema":{"@context":"https:\/\/schema.org","@graph":[{"@type":"WebPage","@id":"https:\/\/cas-sant.com\/de\/finca-cas-sant-schwimmbader\/","url":"https:\/\/cas-sant.com\/de\/finca-cas-sant-schwimmbader\/","name":"Finca Cas-Sant Schwimmb\u00e4der - Finca cas Sant","isPartOf":{"@id":"https:\/\/cas-sant.com\/de\/#website"},"primaryImageOfPage":{"@id":"https:\/\/cas-sant.com\/de\/finca-cas-sant-schwimmbader\/#primaryimage"},"image":{"@id":"https:\/\/cas-sant.com\/de\/finca-cas-sant-schwimmbader\/#primaryimage"},"thumbnailUrl":"https:\/\/cas-sant.com\/de\/wp-content\/uploads\/sites\/3\/Finca-Cas-Sant-en-Soller-Mallorca-piscina-Magnolia.webp","datePublished":"2023-12-04T10:11:57+00:00","dateModified":"2025-02-14T14:49:26+00:00","description":"Entdecken Sie das einzigartige Erlebnis unserer Schwimmb\u00e4der auf der Finca Cas-Sant auf Mallorca. Wir haben 2 Pools: Columnas und Magnolia.","breadcrumb":{"@id":"https:\/\/cas-sant.com\/de\/finca-cas-sant-schwimmbader\/#breadcrumb"},"inLanguage":"es","potentialAction":[{"@type":"ReadAction","target":["https:\/\/cas-sant.com\/de\/finca-cas-sant-schwimmbader\/"]}]},{"@type":"ImageObject","inLanguage":"es","@id":"https:\/\/cas-sant.com\/de\/finca-cas-sant-schwimmbader\/#primaryimage","url":"https:\/\/cas-sant.com\/de\/wp-content\/uploads\/sites\/3\/Finca-Cas-Sant-en-Soller-Mallorca-piscina-Magnolia.webp","contentUrl":"https:\/\/cas-sant.com\/de\/wp-content\/uploads\/sites\/3\/Finca-Cas-Sant-en-Soller-Mallorca-piscina-Magnolia.webp","width":532,"height":800,"caption":"Finca Cas Sant en Soller Mallorca piscina Magnolia"},{"@type":"BreadcrumbList","@id":"https:\/\/cas-sant.com\/de\/finca-cas-sant-schwimmbader\/#breadcrumb","itemListElement":[{"@type":"ListItem","position":1,"name":"Portada","item":"https:\/\/cas-sant.com\/de\/"},{"@type":"ListItem","position":2,"name":"Finca Cas-Sant Schwimmb\u00e4der"}]},{"@type":"WebSite","@id":"https:\/\/cas-sant.com\/de\/#website","url":"https:\/\/cas-sant.com\/de\/","name":"Finca cas Sant","description":"Hotel Boutique en S\u00f3ller  Mallorca","publisher":{"@id":"https:\/\/cas-sant.com\/de\/#organization"},"potentialAction":[{"@type":"SearchAction","target":{"@type":"EntryPoint","urlTemplate":"https:\/\/cas-sant.com\/de\/?s={search_term_string}"},"query-input":{"@type":"PropertyValueSpecification","valueRequired":true,"valueName":"search_term_string"}}],"inLanguage":"es"},{"@type":"Organization","@id":"https:\/\/cas-sant.com\/de\/#organization","name":"Finca cas Sant","url":"https:\/\/cas-sant.com\/de\/","logo":{"@type":"ImageObject","inLanguage":"es","@id":"https:\/\/cas-sant.com\/de\/#\/schema\/logo\/image\/","url":"https:\/\/cas-sant.com\/de\/wp-content\/uploads\/sites\/3\/finca-hotel-cas-sant-mallorca-logo-transparencia.png","contentUrl":"https:\/\/cas-sant.com\/de\/wp-content\/uploads\/sites\/3\/finca-hotel-cas-sant-mallorca-logo-transparencia.png","width":631,"height":265,"caption":"Finca cas Sant"},"image":{"@id":"https:\/\/cas-sant.com\/de\/#\/schema\/logo\/image\/"}}]}},"_links":{"self":[{"href":"https:\/\/cas-sant.com\/de\/wp-json\/wp\/v2\/pages\/1662","targetHints":{"allow":["GET"]}}],"collection":[{"href":"https:\/\/cas-sant.com\/de\/wp-json\/wp\/v2\/pages"}],"about":[{"href":"https:\/\/cas-sant.com\/de\/wp-json\/wp\/v2\/types\/page"}],"author":[{"embeddable":true,"href":"https:\/\/cas-sant.com\/de\/wp-json\/wp\/v2\/users\/1"}],"replies":[{"embeddable":true,"href":"https:\/\/cas-sant.com\/de\/wp-json\/wp\/v2\/comments?post=1662"}],"version-history":[{"count":5,"href":"https:\/\/cas-sant.com\/de\/wp-json\/wp\/v2\/pages\/1662\/revisions"}],"predecessor-version":[{"id":2123,"href":"https:\/\/cas-sant.com\/de\/wp-json\/wp\/v2\/pages\/1662\/revisions\/2123"}],"wp:attachment":[{"href":"https:\/\/cas-sant.com\/de\/wp-json\/wp\/v2\/media?parent=1662"}],"curies":[{"name":"wp","href":"https:\/\/api.w.org\/{rel}","templated":true}]}}